{"id":7253,"date":"2024-12-06T09:06:16","date_gmt":"2024-12-06T08:06:16","guid":{"rendered":"https:\/\/www.cossapolimeri.it\/informativa-sul-trattamento-dei-dati-personali-fornitori\/"},"modified":"2024-12-06T09:06:16","modified_gmt":"2024-12-06T08:06:16","slug":"informativa-sul-trattamento-dei-dati-personali-fornitori","status":"publish","type":"page","link":"https:\/\/www.cossapolimeri.it\/en\/informativa-sul-trattamento-dei-dati-personali-fornitori\/","title":{"rendered":"Informativa sul trattamento dei dati personali Fornitori"},"content":{"rendered":"<h1><strong>Informativa sul trattamento dei dati personali ex artt. 13-14 Reg.to UE 2016\/679<\/strong><\/h1>\n<h4>Soggetti Interessati : Fornitori.<\/h4>\n<p>Cossa Polimeri S.r.l. nella qualit\u00e0 di Titolare del trattamento dei Suoi dati personali, ai sensi e per gli effetti del Reg.to UE 2016\/679 di seguito &#8216;GDPR&#8217;, con la presente La informa che la citata normativa prevede la tutela degli interessati rispetto al trattamento dei dati personali e che tale trattamento sar\u00e0 improntato ai principi di correttezza, liceit\u00e0, trasparenza e di tutela della Sua riservatezza e dei Suoi diritti applicando metodiche tecnico-organizzative tali da perseguire i principi di riservatezza, integrit\u00e0 e disponibilit\u00e0 dei dati.(art.32)<\/p>\n<p>I Suoi dati personali verranno trattati in accordo alle disposizioni legislative della normativa sopra richiamata e degli obblighi di riservatezza ivi previsti.<\/p>\n<p>Finalit\u00e0 di trattamento: in particolare i Suoi dati verranno trattati per le seguenti finalit\u00e0 connesse all&#8217;attuazione di adempimenti relativi ad obblighi legislativi o contrattuali:<\/p>\n<ul>\n<li>Gestione dei Fornitori e delle forniture<\/li>\n<li>Adempimenti obbligatori per legge in campo fiscale e contabile<\/li>\n<li>Obblighi previsti dalle leggi vigenti<\/li>\n<li>Programmazione delle attivit\u00e0<\/li>\n<\/ul>\n<p>Il trattamento dei dati funzionali per l&#8217;espletamento di tali obblighi \u00e8 necessario per una corretta gestione del rapporto e il loro conferimento \u00e8 obbligatorio per attuare le finalit\u00e0 sopra indicate. Il Titolare rende noto, inoltre, che l&#8217;eventuale non comunicazione, o comunicazione errata, di una delle informazioni obbligatorie, pu\u00f2 causare l&#8217;impossibilit\u00e0 del Titolare di garantire la congruit\u00e0 del trattamento stesso.<\/p>\n<p>Modalit\u00e0 del trattamento: i suoi dati personali potranno essere trattati nei seguenti modi:<\/p>\n<ul>\n<li>Trattamento a mezzo di calcolatori elettronici<\/li>\n<li>Trattamento manuale a mezzo di archivi cartacei<\/li>\n<\/ul>\n<p>Ogni trattamento avviene nel rispetto delle modalit\u00e0 di cui agli artt. 6, 32 del GDPR e mediante l&#8217;adozione delle adeguate misure di sicurezza previste.<\/p>\n<p>Comunicazione : i suoi dati saranno comunicati esclusivamente a soggetti competenti e debitamente nominati per l&#8217;espletamento dei servizi necessari ad una corretta gestione del rapporto, con garanzia di tutela dei diritti dell&#8217;interessato.<\/p>\n<p>I suoi dati saranno trattati unicamente da personale espressamente autorizzato dal Titolare ed, in particolare, dalle seguenti categorie di addetti:<\/p>\n<ul>\n<li>Gruppo Direzione<\/li>\n<li>Gruppo Ufficio Personale<\/li>\n<li>Gruppo Amministrazione\/Finanza<\/li>\n<li>Gruppo Gestione Fornitori<\/li>\n<li>Gruppo Commerciale<\/li>\n<li>Gruppo Ricerca &amp; Sviluppo<\/li>\n<li>Gruppo Laboratorio<\/li>\n<li>Gruppo Logistica<\/li>\n<li>Gruppo Manutenzione<\/li>\n<li>Gruppo Controllo Qualit\u00e0<\/li>\n<li>Gruppo Sistemi di Gestione<\/li>\n<\/ul>\n<p>I suoi dati potranno essere comunicati a terzi:<\/p>\n<ul>\n<li>Soggetti pubblici e\/o privati (per i quali la comunicazione dei dati \u00e8 obbligatoria o necessaria in adempimento ad obblighi di legge o sia comunque funzionale all&#8217;amministrazione del rapporto)<\/li>\n<li>Consulenti e liberi professionisti, anche in forma associata (per l\u2019erogazione del servizio di consulenza)<\/li>\n<\/ul>\n<p>Diffusione: I suoi dati personali non verranno diffusi in alcun modo.<\/p>\n<p>Periodo di Conservazione: Le segnaliamo che, nel rispetto dei principi di liceit\u00e0, limitazione delle finalit\u00e0 e minimizzazione dei dati, ai sensi dell\u2019art. 5 del GDPR, il periodo di conservazione dei Suoi dati personali \u00e8:<\/p>\n<ul>\n<li>stabilito per un arco di tempo non superiore al conseguimento delle finalit\u00e0 per le quali sono raccolti e trattati per l&#8217;esecuzione e l&#8217;espletamento delle finalit\u00e0 contrattuali e\/o di erogazione del servizio e nel rispetto dei tempi obbligatori prescritti dalla legge<\/li>\n<li>stabilito per un arco di tempo non superiore all&#8217;espletamento dei servizi erogati<\/li>\n<\/ul>\n<p>Titolare: il Titolare del trattamento dei dati, ai sensi della Legge, \u00e8 Cossa Polimeri S.r.l. contattabile alla mail <span><a href=\"mailto:privacy@cossapolimeri.it\">privacy@cossapolimeri.it<\/a><\/span> nella persona del suo legale rappresentante pro tempore.<\/p>\n<p>Lei ha diritto di ottenere dal titolare la cancellazione (diritto all&#8217;oblio), la limitazione, l&#8217;aggiornamento, la rettificazione, la portabilit\u00e0, l&#8217;opposizione al trattamento dei dati personali che La riguardano, nonch\u00e9 in generale pu\u00f2 esercitare tutti i diritti previsti dagli artt. 15, 16, 17, 18, 19, 20, 21, 22 del GDPR.<\/p>\n<p><strong>Reg.to UE 2016\/679: Artt. 15, 16, 17, 18, 19, 20, 21, 22 &#8211; Diritti dell&#8217;Interessato<\/strong><\/p>\n<ol>\n<li><strong>L&#8217;interessato<\/strong> ha diritto di ottenere la conferma dell&#8217;esistenza o meno di dati personali che lo riguardano, anche se non ancora registrati, e la loro comunicazione in forma intelligibile.<\/li>\n<li><strong>L&#8217;interessato<\/strong> ha diritto di ottenere l&#8217;indicazione:\n<ol type=\"a\">\n<li>dell&#8217;origine dei dati personali;<\/li>\n<li>delle finalit\u00e0 e modalit\u00e0 del trattamento;<\/li>\n<li>della logica applicata in caso di trattamento effettuato con l&#8217;ausilio di strumenti elettronici;<\/li>\n<li>degli estremi identificativi del titolare, dei responsabili e del rappresentante designato ai sensi dell&#8217;articolo 5, comma 2;<\/li>\n<li>dei soggetti o delle categorie di soggetti ai quali i dati personali possono essere comunicati o che possono venirne a conoscenza in qualit\u00e0 di rappresentante designato nel territorio dello Stato, di responsabili o incaricati.<\/li>\n<\/ol>\n<\/li>\n<li><strong>L&#8217;interessato<\/strong> ha diritto di ottenere:\n<ol type=\"a\">\n<li>l&#8217;aggiornamento, la rettificazione ovvero, quando vi ha interesse, l&#8217;integrazione dei dati;<\/li>\n<li>la cancellazione, la trasformazione in forma anonima o il blocco dei dati trattati in violazione di legge, compresi quelli di cui non \u00e8 necessaria la conservazione in relazione agli scopi per i quali i dati sono stati raccolti o successivamente trattati;<\/li>\n<li>l&#8217;attestazione che le operazioni di cui alle lettere a) e b) sono state portate a conoscenza, anche per quanto riguarda il loro contenuto, di coloro ai quali i dati sono stati comunicati o diffusi, eccettuato il caso in cui tale adempimento si rivela impossibile o comporta un impiego di mezzi manifestamente sproporzionato rispetto al diritto tutelato;<\/li>\n<li>la portabilit\u00e0 dei dati.<\/li>\n<\/ol>\n<\/li>\n<li><strong>L&#8217;interessato<\/strong> ha diritto di opporsi, in tutto o in parte:\n<ol type=\"a\">\n<li>per motivi legittimi al trattamento dei dati personali che lo riguardano, ancorch\u00e9 pertinenti allo scopo della raccolta;<\/li>\n<li>al trattamento di dati personali che lo riguardano a fini di invio di materiale pubblicitario o di vendita diretta o per il compimento di ricerche di mercato o di comunicazione commerciale.<\/li>\n<\/ol>\n<\/li>\n<\/ol>\n","protected":false},"excerpt":{"rendered":"<p>Informativa sul trattamento dei dati personali ex artt. 13-14 Reg.to UE 2016\/679 Soggetti Interessati : Fornitori. Cossa Polimeri S.r.l. nella qualit\u00e0 di Titolare del trattamento dei Suoi dati personali, ai sensi e per gli effetti del Reg.to UE 2016\/679 di seguito &#8216;GDPR&#8217;, con la presente La informa che la citata normativa prevede la tutela degli&#8230;<\/p>\n","protected":false},"author":1,"featured_media":0,"parent":0,"menu_order":0,"comment_status":"closed","ping_status":"closed","template":"","meta":{"_acf_changed":false,"footnotes":""},"class_list":["post-7253","page","type-page","status-publish","hentry"],"acf":[],"yoast_head":"<!-- This site is optimized with the Yoast SEO plugin v27.3 - https:\/\/yoast.com\/product\/yoast-seo-wordpress\/ -->\n<title>Informativa sul trattamento dei dati personali Fornitori - Cossa Polimeri S.r.l.<\/title>\n<meta name=\"robots\" content=\"index, follow, max-snippet:-1, max-image-preview:large, max-video-preview:-1\" \/>\n<link rel=\"canonical\" href=\"https:\/\/www.cossapolimeri.it\/en\/informativa-sul-trattamento-dei-dati-personali-fornitori\/\" \/>\n<meta property=\"og:locale\" content=\"en_US\" \/>\n<meta property=\"og:type\" content=\"article\" \/>\n<meta property=\"og:title\" content=\"Informativa sul trattamento dei dati personali Fornitori - Cossa Polimeri S.r.l.\" \/>\n<meta property=\"og:description\" content=\"Informativa sul trattamento dei dati personali ex artt. 13-14 Reg.to UE 2016\/679 Soggetti Interessati : Fornitori. Cossa Polimeri S.r.l. nella qualit\u00e0 di Titolare del trattamento dei Suoi dati personali, ai sensi e per gli effetti del Reg.to UE 2016\/679 di seguito &#8216;GDPR&#8217;, con la presente La informa che la citata normativa prevede la tutela degli...\" \/>\n<meta property=\"og:url\" content=\"https:\/\/www.cossapolimeri.it\/en\/informativa-sul-trattamento-dei-dati-personali-fornitori\/\" \/>\n<meta property=\"og:site_name\" content=\"Cossa Polimeri S.r.l.\" \/>\n<meta name=\"twitter:card\" content=\"summary_large_image\" \/>\n<meta name=\"twitter:label1\" content=\"Est. reading time\" \/>\n\t<meta name=\"twitter:data1\" content=\"4 minutes\" \/>\n<script type=\"application\/ld+json\" class=\"yoast-schema-graph\">{\"@context\":\"https:\\\/\\\/schema.org\",\"@graph\":[{\"@type\":\"WebPage\",\"@id\":\"https:\\\/\\\/www.cossapolimeri.it\\\/en\\\/informativa-sul-trattamento-dei-dati-personali-fornitori\\\/\",\"url\":\"https:\\\/\\\/www.cossapolimeri.it\\\/en\\\/informativa-sul-trattamento-dei-dati-personali-fornitori\\\/\",\"name\":\"Informativa sul trattamento dei dati personali Fornitori - Cossa Polimeri S.r.l.\",\"isPartOf\":{\"@id\":\"https:\\\/\\\/www.cossapolimeri.it\\\/en\\\/#website\"},\"datePublished\":\"2024-12-06T08:06:16+00:00\",\"breadcrumb\":{\"@id\":\"https:\\\/\\\/www.cossapolimeri.it\\\/en\\\/informativa-sul-trattamento-dei-dati-personali-fornitori\\\/#breadcrumb\"},\"inLanguage\":\"en-US\",\"potentialAction\":[{\"@type\":\"ReadAction\",\"target\":[\"https:\\\/\\\/www.cossapolimeri.it\\\/en\\\/informativa-sul-trattamento-dei-dati-personali-fornitori\\\/\"]}]},{\"@type\":\"BreadcrumbList\",\"@id\":\"https:\\\/\\\/www.cossapolimeri.it\\\/en\\\/informativa-sul-trattamento-dei-dati-personali-fornitori\\\/#breadcrumb\",\"itemListElement\":[{\"@type\":\"ListItem\",\"position\":1,\"name\":\"Home\",\"item\":\"https:\\\/\\\/www.cossapolimeri.it\\\/en\\\/\"},{\"@type\":\"ListItem\",\"position\":2,\"name\":\"Informativa sul trattamento dei dati personali Fornitori\"}]},{\"@type\":\"WebSite\",\"@id\":\"https:\\\/\\\/www.cossapolimeri.it\\\/en\\\/#website\",\"url\":\"https:\\\/\\\/www.cossapolimeri.it\\\/en\\\/\",\"name\":\"Cossa Polimeri S.r.l.\",\"description\":\"PERFORMING THERMOPLASTIC COMPOUND\",\"potentialAction\":[{\"@type\":\"SearchAction\",\"target\":{\"@type\":\"EntryPoint\",\"urlTemplate\":\"https:\\\/\\\/www.cossapolimeri.it\\\/en\\\/?s={search_term_string}\"},\"query-input\":{\"@type\":\"PropertyValueSpecification\",\"valueRequired\":true,\"valueName\":\"search_term_string\"}}],\"inLanguage\":\"en-US\"}]}<\/script>\n<!-- \/ Yoast SEO plugin. -->","yoast_head_json":{"title":"Informativa sul trattamento dei dati personali Fornitori - Cossa Polimeri S.r.l.","robots":{"index":"index","follow":"follow","max-snippet":"max-snippet:-1","max-image-preview":"max-image-preview:large","max-video-preview":"max-video-preview:-1"},"canonical":"https:\/\/www.cossapolimeri.it\/en\/informativa-sul-trattamento-dei-dati-personali-fornitori\/","og_locale":"en_US","og_type":"article","og_title":"Informativa sul trattamento dei dati personali Fornitori - Cossa Polimeri S.r.l.","og_description":"Informativa sul trattamento dei dati personali ex artt. 13-14 Reg.to UE 2016\/679 Soggetti Interessati : Fornitori. Cossa Polimeri S.r.l. nella qualit\u00e0 di Titolare del trattamento dei Suoi dati personali, ai sensi e per gli effetti del Reg.to UE 2016\/679 di seguito &#8216;GDPR&#8217;, con la presente La informa che la citata normativa prevede la tutela degli...","og_url":"https:\/\/www.cossapolimeri.it\/en\/informativa-sul-trattamento-dei-dati-personali-fornitori\/","og_site_name":"Cossa Polimeri S.r.l.","twitter_card":"summary_large_image","twitter_misc":{"Est. reading time":"4 minutes"},"schema":{"@context":"https:\/\/schema.org","@graph":[{"@type":"WebPage","@id":"https:\/\/www.cossapolimeri.it\/en\/informativa-sul-trattamento-dei-dati-personali-fornitori\/","url":"https:\/\/www.cossapolimeri.it\/en\/informativa-sul-trattamento-dei-dati-personali-fornitori\/","name":"Informativa sul trattamento dei dati personali Fornitori - Cossa Polimeri S.r.l.","isPartOf":{"@id":"https:\/\/www.cossapolimeri.it\/en\/#website"},"datePublished":"2024-12-06T08:06:16+00:00","breadcrumb":{"@id":"https:\/\/www.cossapolimeri.it\/en\/informativa-sul-trattamento-dei-dati-personali-fornitori\/#breadcrumb"},"inLanguage":"en-US","potentialAction":[{"@type":"ReadAction","target":["https:\/\/www.cossapolimeri.it\/en\/informativa-sul-trattamento-dei-dati-personali-fornitori\/"]}]},{"@type":"BreadcrumbList","@id":"https:\/\/www.cossapolimeri.it\/en\/informativa-sul-trattamento-dei-dati-personali-fornitori\/#breadcrumb","itemListElement":[{"@type":"ListItem","position":1,"name":"Home","item":"https:\/\/www.cossapolimeri.it\/en\/"},{"@type":"ListItem","position":2,"name":"Informativa sul trattamento dei dati personali Fornitori"}]},{"@type":"WebSite","@id":"https:\/\/www.cossapolimeri.it\/en\/#website","url":"https:\/\/www.cossapolimeri.it\/en\/","name":"Cossa Polimeri S.r.l.","description":"PERFORMING THERMOPLASTIC COMPOUND","potentialAction":[{"@type":"SearchAction","target":{"@type":"EntryPoint","urlTemplate":"https:\/\/www.cossapolimeri.it\/en\/?s={search_term_string}"},"query-input":{"@type":"PropertyValueSpecification","valueRequired":true,"valueName":"search_term_string"}}],"inLanguage":"en-US"}]}},"_links":{"self":[{"href":"https:\/\/www.cossapolimeri.it\/en\/wp-json\/wp\/v2\/pages\/7253","targetHints":{"allow":["GET"]}}],"collection":[{"href":"https:\/\/www.cossapolimeri.it\/en\/wp-json\/wp\/v2\/pages"}],"about":[{"href":"https:\/\/www.cossapolimeri.it\/en\/wp-json\/wp\/v2\/types\/page"}],"author":[{"embeddable":true,"href":"https:\/\/www.cossapolimeri.it\/en\/wp-json\/wp\/v2\/users\/1"}],"replies":[{"embeddable":true,"href":"https:\/\/www.cossapolimeri.it\/en\/wp-json\/wp\/v2\/comments?post=7253"}],"version-history":[{"count":0,"href":"https:\/\/www.cossapolimeri.it\/en\/wp-json\/wp\/v2\/pages\/7253\/revisions"}],"wp:attachment":[{"href":"https:\/\/www.cossapolimeri.it\/en\/wp-json\/wp\/v2\/media?parent=7253"}],"curies":[{"name":"wp","href":"https:\/\/api.w.org\/{rel}","templated":true}]}}